{"id":7267,"date":"2023-06-20T10:45:38","date_gmt":"2023-06-20T08:45:38","guid":{"rendered":"https:\/\/campinglabaie.fr\/kontakt-acces\/"},"modified":"2023-11-01T11:41:38","modified_gmt":"2023-11-01T10:41:38","slug":"kontakt-zugang","status":"publish","type":"page","link":"https:\/\/campinglabaie.fr\/de\/kontakt-zugang\/","title":{"rendered":"Kontakt &amp; Zugang"},"content":{"rendered":"\n<div class=\"wp-block-group is-layout-constrained wp-container-core-group-is-layout-bbbb44a5 wp-block-group-is-layout-constrained\" style=\"padding-top:var(--wp--preset--spacing--60);padding-right:var(--wp--preset--spacing--60);padding-bottom:var(--wp--preset--spacing--60);padding-left:var(--wp--preset--spacing--60)\">\n<h1 class=\"wp-block-heading has-text-align-center has-link-color-color has-text-color\" style=\"margin-top:var(--wp--preset--spacing--60);margin-right:var(--wp--preset--spacing--60);margin-bottom:var(--wp--preset--spacing--60);margin-left:var(--wp--preset--spacing--60);padding-top:var(--wp--preset--spacing--60);padding-right:var(--wp--preset--spacing--60);padding-bottom:var(--wp--preset--spacing--60);padding-left:var(--wp--preset--spacing--60)\">Kontakt und Wegbeschreibung<\/h1>\n\n\n\n<div class=\"wp-block-columns is-layout-flex wp-container-core-columns-is-layout-28f84493 wp-block-columns-is-layout-flex\">\n<div class=\"wp-block-column is-vertically-aligned-top is-layout-flow wp-block-column-is-layout-flow\">\n<h2 class=\"wp-block-heading\">Kontaktieren Sie den Campingplatz Bel Air Village<\/h2>\n\n\n\n<p>Wenn Sie Informationen oder Fragen haben, sind wir f\u00fcr Sie da. Sie k\u00f6nnen uns gerne \u00fcber unser <strong>Kontaktformular<\/strong> erreichen, wir antworten Ihnen gerne. Sie k\u00f6nnen uns auch unter <strong>+33 (0)2 51 56 40 70<\/strong> anrufen oder uns eine E-Mail an <strong>contact@campinglabaie.fr<\/strong> schicken. Wir freuen uns darauf, Ihnen bei der Planung Ihres Urlaubs auf dem <a href=\"https:\/\/campinglabaie.fr\/de\/\">Campingplatz Bel Air Village La Baie in L&#8217;Aiguillon-sur-Mer<\/a> zu helfen!<\/p>\n<\/div>\n\n\n\n<div class=\"wp-block-column is-layout-flow wp-block-column-is-layout-flow\">\n<div class=\"wp-block-contact-form-7-contact-form-selector formulaire-contact\">\n<div class=\"wpcf7 no-js\" id=\"wpcf7-f7396-o1\" lang=\"de-DE\" dir=\"ltr\" data-wpcf7-id=\"7396\">\n<div class=\"screen-reader-response\"><p role=\"status\" aria-live=\"polite\" aria-atomic=\"true\"><\/p> <ul><\/ul><\/div>\n<form action=\"\/de\/wp-json\/wp\/v2\/pages\/7267#wpcf7-f7396-o1\" method=\"post\" class=\"wpcf7-form init\" id=\"formulaire-contact\" aria-label=\"Kontaktformular\" novalidate=\"novalidate\" data-status=\"init\">\n<div style=\"display: none;\">\n<input type=\"hidden\" name=\"_wpcf7\" value=\"7396\" \/>\n<input type=\"hidden\" name=\"_wpcf7_version\" value=\"6.0.6\" \/>\n<input type=\"hidden\" name=\"_wpcf7_locale\" value=\"de_DE\" \/>\n<input type=\"hidden\" name=\"_wpcf7_unit_tag\" value=\"wpcf7-f7396-o1\" \/>\n<input type=\"hidden\" name=\"_wpcf7_container_post\" value=\"0\" \/>\n<input type=\"hidden\" name=\"_wpcf7_posted_data_hash\" value=\"\" \/>\n<input type=\"hidden\" name=\"_wpcf7_recaptcha_response\" value=\"\" \/>\n<\/div>\n<p><label> Ihr Name<br \/>\n<span class=\"wpcf7-form-control-wrap\" data-name=\"your-name\"><input size=\"40\" maxlength=\"400\" class=\"wpcf7-form-control wpcf7-text wpcf7-validates-as-required\" autocomplete=\"name\" aria-required=\"true\" aria-invalid=\"false\" value=\"\" type=\"text\" name=\"your-name\" \/><\/span> <\/label>\n<\/p>\n<p><label> Ihre E-Mail<br \/>\n<span class=\"wpcf7-form-control-wrap\" data-name=\"your-email\"><input size=\"40\" maxlength=\"400\" class=\"wpcf7-form-control wpcf7-email wpcf7-validates-as-required wpcf7-text wpcf7-validates-as-email\" autocomplete=\"email\" aria-required=\"true\" aria-invalid=\"false\" value=\"\" type=\"email\" name=\"your-email\" \/><\/span> <\/label>\n<\/p>\n<p><label> Objekt<br \/>\n<span class=\"wpcf7-form-control-wrap\" data-name=\"your-subject\"><input size=\"40\" maxlength=\"400\" class=\"wpcf7-form-control wpcf7-text wpcf7-validates-as-required\" aria-required=\"true\" aria-invalid=\"false\" value=\"\" type=\"text\" name=\"your-subject\" \/><\/span> <\/label>\n<\/p>\n<p><label> Ihre Nachricht<br \/>\n<span class=\"wpcf7-form-control-wrap\" data-name=\"your-message\"><textarea cols=\"40\" rows=\"10\" maxlength=\"2000\" class=\"wpcf7-form-control wpcf7-textarea\" aria-invalid=\"false\" name=\"your-message\"><\/textarea><\/span> <\/label>\n<\/p>\n<p><span class=\"wpcf7-form-control-wrap\" data-name=\"acceptance-553\"><span class=\"wpcf7-form-control wpcf7-acceptance\"><span class=\"wpcf7-list-item\"><label><input type=\"checkbox\" name=\"acceptance-553\" value=\"1\" aria-invalid=\"false\" \/><span class=\"wpcf7-list-item-label\">Indem ich dieses K\u00e4stchen ankreuze, stimme ich der <a href=\"\/politique-de-confidentialite\/\" rel=\"nofollow\" target=\"_blank\">Datenschutzrichtlinie<\/a> dieser Website zu.<\/span><\/label><\/span><\/span><\/span>\n<\/p>\n<p><input class=\"wpcf7-form-control wpcf7-submit has-spinner\" type=\"submit\" value=\"Envoyer\" \/>\n<\/p><div class=\"wpcf7-response-output\" aria-hidden=\"true\"><\/div>\n<\/form>\n<\/div>\n<\/div>\n<\/div>\n<\/div>\n\n\n\n<div class=\"wp-block-columns is-layout-flex wp-container-core-columns-is-layout-28f84493 wp-block-columns-is-layout-flex\">\n<div class=\"wp-block-column is-vertically-aligned-center is-layout-flow wp-block-column-is-layout-flow\">\n<iframe src=\"https:\/\/www.google.com\/maps\/embed?pb=!1m14!1m8!1m3!1d202623.62679231312!2d-1.4662542120450732!3d46.306689892514434!3m2!1i1024!2i768!4f13.1!3m3!1m2!1s0x480402e71bf3dbf3%3A0x6358b81e9e714e24!2sCamping%20Bel%20Air%20Village%20La%20Baie!5e0!3m2!1sfr!2sfr!4v1697463470328!5m2!1sfr!2sfr\" width=\"100%\" height=\"700\" style=\"border:0;\" allowfullscreen=\"\" loading=\"lazy\" referrerpolicy=\"no-referrer-when-downgrade\"><\/iframe>\n<\/div>\n\n\n\n<div class=\"wp-block-column is-vertically-aligned-center is-layout-flow wp-block-column-is-layout-flow\">\n<h2 class=\"wp-block-heading\">Anreise zum Campingplatz Bel Air Village<\/h2>\n\n\n\n<p>Das Abenteuer Ihrer Tr\u00e4ume beginnt hier! Eingebettet im Herzen der Vend\u00e9e, in <strong>L&#8217;Aiguillon-sur-Mer<\/strong>, empf\u00e4ngt Sie unser Campingplatz Bel Air Village La Baie mit offenen Armen. Nichts ist leichter, als uns zu finden: Nehmen Sie Kurs auf den <strong>Boulevard du Communal, 85460 L&#8217;Aiguillon-la-Presqu&#8217;\u00eele<\/strong>.  <\/p>\n\n\n\n<p>Hier sind unsere GPS-Koordinaten: <strong>46.32923294323055, -1.2984929720008813<\/strong>.  <\/p>\n<\/div>\n<\/div>\n<\/div>\n\n<div class=\"wp-block-group overflow-visible has-background is-layout-constrained wp-container-core-group-is-layout-612028c2 wp-block-group-is-layout-constrained\" style=\"border-top-color:var(--wp--preset--color--white);border-top-width:12rem;border-right-color:var(--wp--preset--color--white);border-bottom-color:var(--wp--preset--color--white);border-left-color:var(--wp--preset--color--white);background:linear-gradient(174deg,rgb(255,255,255) 29%,rgb(222,232,222) 29%);margin-top:0rem;margin-bottom:0;padding-top:var(--wp--preset--spacing--80);padding-bottom:8rem\">\n<h2 class=\"wp-block-heading has-text-align-center\">Entdecken Sie unsere sch\u00f6ne Region, unseren Pool und unsere Mietunterk\u00fcnfte<\/h2>\n\n\n\n<div class=\"wp-block-group animated fadeInUp delay-100ms slow is-content-justification-center is-layout-constrained wp-container-core-group-is-layout-1557714b wp-block-group-is-layout-constrained\" style=\"border-style:none;border-width:0px;border-top-left-radius:0px;border-top-right-radius:0px;border-bottom-left-radius:0px;border-bottom-right-radius:0px\">\n<hr class=\"wp-block-separator has-text-color has-link-color-color has-alpha-channel-opacity has-link-color-background-color has-background animated fadeInUp delay-200ms\"\/>\n<\/div>\n\n\n\r\n<div \r\n     \r\n    class=\"gt-maillage-block animated fadeInUp delay-100ms slow\" \r\n    style=\"\"\r\n>\r\n\r\n    \r\n        \r\n        <article \r\n    class=\"gt-cta gt-cta--page\" \r\n    style=\"aspect-ratio:1\/1\"\r\n>\r\n    <a href=\"https:\/\/campinglabaie.fr\/de\/tourismus-vendee\/\" title=\"Tourismus\" class=\"gt-cta__link\">\r\n        <div class=\"gt-cta__thumb\">\r\n                            <img alt=\"nature en vendee tourisme\" decoding=\"async\" width=\"1920\" height=\"1279\" src=\"https:\/\/campinglabaie.fr\/wp-content\/uploads\/sites\/53\/2023\/10\/nature-en-vendee-tourisme.webp\" class=\"attachment-full size-full wp-post-image\" alt=\"\" srcset=\"https:\/\/campinglabaie.fr\/wp-content\/uploads\/sites\/53\/2023\/10\/nature-en-vendee-tourisme.webp 1920w, https:\/\/campinglabaie.fr\/wp-content\/uploads\/sites\/53\/2023\/10\/nature-en-vendee-tourisme-300x200.webp 300w, https:\/\/campinglabaie.fr\/wp-content\/uploads\/sites\/53\/2023\/10\/nature-en-vendee-tourisme-1024x682.webp 1024w, https:\/\/campinglabaie.fr\/wp-content\/uploads\/sites\/53\/2023\/10\/nature-en-vendee-tourisme-768x512.webp 768w, https:\/\/campinglabaie.fr\/wp-content\/uploads\/sites\/53\/2023\/10\/nature-en-vendee-tourisme-1536x1023.webp 1536w\" sizes=\"(max-width: 1920px) 100vw, 1920px\" \/>                    <\/div>\r\n        <div class=\"gt-cta__content\">\r\n            <div class=\"gt-cta__title\">\r\n                Tourismus            <\/div>\r\n        <\/div>\r\n    <\/a>\r\n<\/article>\r\n    \r\n        <article \r\n    class=\"gt-cta gt-cta--page\" \r\n    style=\"aspect-ratio:1\/1\"\r\n>\r\n    <a href=\"https:\/\/campinglabaie.fr\/de\/camping-mit-schwimmbad-aiguillon-sur-mer\/\" title=\"Wasserraum\" class=\"gt-cta__link\">\r\n        <div class=\"gt-cta__thumb\">\r\n                            <img alt=\"LA_BAIE_01082024_114 scaled\" decoding=\"async\" width=\"250\" height=\"226\" src=\"https:\/\/campinglabaie.fr\/wp-content\/uploads\/sites\/53\/2024\/02\/LA_BAIE_01082024_114-scaled.jpg\" class=\"attachment-full size-full wp-post-image\" alt=\"\" \/>                    <\/div>\r\n        <div class=\"gt-cta__content\">\r\n            <div class=\"gt-cta__title\">\r\n                Wasserraum            <\/div>\r\n        <\/div>\r\n    <\/a>\r\n<\/article>\r\n    \r\n        <article \r\n    class=\"gt-cta gt-cta--page\" \r\n    style=\"aspect-ratio:1\/1\"\r\n>\r\n    <a href=\"https:\/\/campinglabaie.fr\/de\/mobilheim-miete-aiguillon-sur-mer\/\" title=\"Unsere Vermietungen\" class=\"gt-cta__link\">\r\n        <div class=\"gt-cta__thumb\">\r\n                            <img alt=\"LA_BAIE_01082024_43 scaled\" decoding=\"async\" width=\"2048\" height=\"1365\" src=\"https:\/\/campinglabaie.fr\/wp-content\/uploads\/sites\/53\/2024\/08\/LA_BAIE_01082024_43-scaled.jpg\" class=\"attachment-full size-full not-transparent wp-post-image\" alt=\"\" srcset=\"https:\/\/campinglabaie.fr\/wp-content\/uploads\/sites\/53\/2024\/08\/LA_BAIE_01082024_43-scaled.jpg 2048w, https:\/\/campinglabaie.fr\/wp-content\/uploads\/sites\/53\/2024\/08\/LA_BAIE_01082024_43-300x200.jpg 300w, https:\/\/campinglabaie.fr\/wp-content\/uploads\/sites\/53\/2024\/08\/LA_BAIE_01082024_43-1024x683.jpg 1024w, https:\/\/campinglabaie.fr\/wp-content\/uploads\/sites\/53\/2024\/08\/LA_BAIE_01082024_43-768x512.jpg 768w, https:\/\/campinglabaie.fr\/wp-content\/uploads\/sites\/53\/2024\/08\/LA_BAIE_01082024_43-1536x1024.jpg 1536w\" sizes=\"(max-width: 2048px) 100vw, 2048px\" data-has-transparency=\"false\" data-dominant-color=\"ae9d6e\" style=\"--dominant-color: #ae9d6e;\" \/>                    <\/div>\r\n        <div class=\"gt-cta__content\">\r\n            <div class=\"gt-cta__title\">\r\n                Unsere Vermietungen            <\/div>\r\n        <\/div>\r\n    <\/a>\r\n<\/article>\r\n            \r\n<\/div><\/div>\n","protected":false},"excerpt":{"rendered":"<p>Kontakt und Wegbeschreibung Kontaktieren Sie den Campingplatz Bel Air Village Wenn Sie Informationen oder Fragen haben, sind wir f\u00fcr Sie da. Sie k\u00f6nnen uns gerne \u00fcber unser Kontaktformular erreichen, wir antworten Ihnen gerne. Sie k\u00f6nnen uns auch unter +33 (0)2 51 56 40 70 anrufen oder uns eine E-Mail an contact@campinglabaie.fr schicken. Wir freuen uns [&hellip;]<\/p>\n","protected":false},"author":1,"featured_media":7062,"parent":0,"menu_order":26,"comment_status":"closed","ping_status":"closed","template":"","meta":{"_acf_changed":false,"footnotes":""},"class_list":["post-7267","page","type-page","status-publish","has-post-thumbnail","hentry"],"acf":[],"yoast_head":"<!-- This site is optimized with the Yoast SEO plugin v24.8.1 - https:\/\/yoast.com\/wordpress\/plugins\/seo\/ -->\n<title>Kontakt zum Campingplatz l&#039;Aiguillon-sur-Mer | Anreise zum Campingplatz Vend\u00e9e<\/title>\n<meta name=\"robots\" content=\"index, follow, max-snippet:-1, max-image-preview:large, max-video-preview:-1\" \/>\n<link rel=\"canonical\" href=\"https:\/\/campinglabaie.fr\/de\/kontakt-zugang\/\" \/>\n<meta property=\"og:locale\" content=\"de_DE\" \/>\n<meta property=\"og:type\" content=\"article\" \/>\n<meta property=\"og:title\" content=\"Kontakt zum Campingplatz l&#039;Aiguillon-sur-Mer | Anreise zum Campingplatz Vend\u00e9e\" \/>\n<meta property=\"og:description\" content=\"Kontakt und Wegbeschreibung Kontaktieren Sie den Campingplatz Bel Air Village Wenn Sie Informationen oder Fragen haben, sind wir f\u00fcr Sie da. Sie k\u00f6nnen uns gerne \u00fcber unser Kontaktformular erreichen, wir antworten Ihnen gerne. Sie k\u00f6nnen uns auch unter +33 (0)2 51 56 40 70 anrufen oder uns eine E-Mail an contact@campinglabaie.fr schicken. Wir freuen uns [&hellip;]\" \/>\n<meta property=\"og:url\" content=\"https:\/\/campinglabaie.fr\/de\/kontakt-zugang\/\" \/>\n<meta property=\"og:site_name\" content=\"Camping Bel Air Village La Baie - Site Officiel - Meilleur Prix Garanti\" \/>\n<meta property=\"article:modified_time\" content=\"2023-11-01T10:41:38+00:00\" \/>\n<meta property=\"og:image\" content=\"http:\/\/campinglabaie.fr\/wp-content\/uploads\/sites\/53\/2023\/10\/contact-camping-bel-air-la-baie.webp\" \/>\n\t<meta property=\"og:image:width\" content=\"1920\" \/>\n\t<meta property=\"og:image:height\" content=\"1440\" \/>\n\t<meta property=\"og:image:type\" content=\"image\/webp\" \/>\n<meta name=\"twitter:card\" content=\"summary_large_image\" \/>\n<meta name=\"twitter:label1\" content=\"Gesch\u00e4tzte Lesezeit\" \/>\n\t<meta name=\"twitter:data1\" content=\"1\u00a0Minute\" \/>\n<script type=\"application\/ld+json\" class=\"yoast-schema-graph\">{\"@context\":\"https:\/\/schema.org\",\"@graph\":[{\"@type\":\"WebPage\",\"@id\":\"https:\/\/campinglabaie.fr\/de\/kontakt-zugang\/\",\"url\":\"https:\/\/campinglabaie.fr\/de\/kontakt-zugang\/\",\"name\":\"Kontakt zum Campingplatz l'Aiguillon-sur-Mer | Anreise zum Campingplatz Vend\u00e9e\",\"isPartOf\":{\"@id\":\"https:\/\/campinglabaie.fr\/de\/#website\"},\"primaryImageOfPage\":{\"@id\":\"https:\/\/campinglabaie.fr\/de\/kontakt-zugang\/#primaryimage\"},\"image\":{\"@id\":\"https:\/\/campinglabaie.fr\/de\/kontakt-zugang\/#primaryimage\"},\"thumbnailUrl\":\"https:\/\/campinglabaie.fr\/wp-content\/uploads\/sites\/53\/2023\/10\/contact-camping-bel-air-la-baie.webp\",\"datePublished\":\"2023-06-20T08:45:38+00:00\",\"dateModified\":\"2023-11-01T10:41:38+00:00\",\"breadcrumb\":{\"@id\":\"https:\/\/campinglabaie.fr\/de\/kontakt-zugang\/#breadcrumb\"},\"inLanguage\":\"de\",\"potentialAction\":[{\"@type\":\"ReadAction\",\"target\":[\"https:\/\/campinglabaie.fr\/de\/kontakt-zugang\/\"]}]},{\"@type\":\"ImageObject\",\"inLanguage\":\"de\",\"@id\":\"https:\/\/campinglabaie.fr\/de\/kontakt-zugang\/#primaryimage\",\"url\":\"https:\/\/campinglabaie.fr\/wp-content\/uploads\/sites\/53\/2023\/10\/contact-camping-bel-air-la-baie.webp\",\"contentUrl\":\"https:\/\/campinglabaie.fr\/wp-content\/uploads\/sites\/53\/2023\/10\/contact-camping-bel-air-la-baie.webp\",\"width\":1920,\"height\":1440},{\"@type\":\"BreadcrumbList\",\"@id\":\"https:\/\/campinglabaie.fr\/de\/kontakt-zugang\/#breadcrumb\",\"itemListElement\":[{\"@type\":\"ListItem\",\"position\":1,\"name\":\"Startseite\",\"item\":\"https:\/\/campinglabaie.fr\/de\/\"},{\"@type\":\"ListItem\",\"position\":2,\"name\":\"Kontakt, Zugang\"}]},{\"@type\":\"WebSite\",\"@id\":\"https:\/\/campinglabaie.fr\/de\/#website\",\"url\":\"https:\/\/campinglabaie.fr\/de\/\",\"name\":\"Camping Bel Air Village La Baie - Site Officiel - Meilleur Prix Garanti\",\"description\":\"\",\"publisher\":{\"@id\":\"https:\/\/campinglabaie.fr\/de\/#organization\"},\"potentialAction\":[{\"@type\":\"SearchAction\",\"target\":{\"@type\":\"EntryPoint\",\"urlTemplate\":\"https:\/\/campinglabaie.fr\/de\/?s={search_term_string}\"},\"query-input\":{\"@type\":\"PropertyValueSpecification\",\"valueRequired\":true,\"valueName\":\"search_term_string\"}}],\"inLanguage\":\"de\"},{\"@type\":\"Organization\",\"@id\":\"https:\/\/campinglabaie.fr\/de\/#organization\",\"name\":\"Camping Bel Air Village La Baie - Site Officiel - Meilleur Prix Garanti\",\"url\":\"https:\/\/campinglabaie.fr\/de\/\",\"logo\":{\"@type\":\"ImageObject\",\"inLanguage\":\"de\",\"@id\":\"https:\/\/campinglabaie.fr\/de\/#\/schema\/logo\/image\/\",\"url\":\"https:\/\/campinglabaie.fr\/wp-content\/uploads\/sites\/53\/2023\/11\/Logo_Plan-de-travail-1-11.png\",\"contentUrl\":\"https:\/\/campinglabaie.fr\/wp-content\/uploads\/sites\/53\/2023\/11\/Logo_Plan-de-travail-1-11.png\",\"width\":13168,\"height\":6929,\"caption\":\"Camping Bel Air Village La Baie - Site Officiel - Meilleur Prix Garanti\"},\"image\":{\"@id\":\"https:\/\/campinglabaie.fr\/de\/#\/schema\/logo\/image\/\"}}]}<\/script>\n<!-- \/ Yoast SEO plugin. -->","yoast_head_json":{"title":"Kontakt zum Campingplatz l'Aiguillon-sur-Mer | Anreise zum Campingplatz Vend\u00e9e","robots":{"index":"index","follow":"follow","max-snippet":"max-snippet:-1","max-image-preview":"max-image-preview:large","max-video-preview":"max-video-preview:-1"},"canonical":"https:\/\/campinglabaie.fr\/de\/kontakt-zugang\/","og_locale":"de_DE","og_type":"article","og_title":"Kontakt zum Campingplatz l'Aiguillon-sur-Mer | Anreise zum Campingplatz Vend\u00e9e","og_description":"Kontakt und Wegbeschreibung Kontaktieren Sie den Campingplatz Bel Air Village Wenn Sie Informationen oder Fragen haben, sind wir f\u00fcr Sie da. Sie k\u00f6nnen uns gerne \u00fcber unser Kontaktformular erreichen, wir antworten Ihnen gerne. Sie k\u00f6nnen uns auch unter +33 (0)2 51 56 40 70 anrufen oder uns eine E-Mail an contact@campinglabaie.fr schicken. Wir freuen uns [&hellip;]","og_url":"https:\/\/campinglabaie.fr\/de\/kontakt-zugang\/","og_site_name":"Camping Bel Air Village La Baie - Site Officiel - Meilleur Prix Garanti","article_modified_time":"2023-11-01T10:41:38+00:00","og_image":[{"width":1920,"height":1440,"url":"http:\/\/campinglabaie.fr\/wp-content\/uploads\/sites\/53\/2023\/10\/contact-camping-bel-air-la-baie.webp","type":"image\/webp"}],"twitter_card":"summary_large_image","twitter_misc":{"Gesch\u00e4tzte Lesezeit":"1\u00a0Minute"},"schema":{"@context":"https:\/\/schema.org","@graph":[{"@type":"WebPage","@id":"https:\/\/campinglabaie.fr\/de\/kontakt-zugang\/","url":"https:\/\/campinglabaie.fr\/de\/kontakt-zugang\/","name":"Kontakt zum Campingplatz l'Aiguillon-sur-Mer | Anreise zum Campingplatz Vend\u00e9e","isPartOf":{"@id":"https:\/\/campinglabaie.fr\/de\/#website"},"primaryImageOfPage":{"@id":"https:\/\/campinglabaie.fr\/de\/kontakt-zugang\/#primaryimage"},"image":{"@id":"https:\/\/campinglabaie.fr\/de\/kontakt-zugang\/#primaryimage"},"thumbnailUrl":"https:\/\/campinglabaie.fr\/wp-content\/uploads\/sites\/53\/2023\/10\/contact-camping-bel-air-la-baie.webp","datePublished":"2023-06-20T08:45:38+00:00","dateModified":"2023-11-01T10:41:38+00:00","breadcrumb":{"@id":"https:\/\/campinglabaie.fr\/de\/kontakt-zugang\/#breadcrumb"},"inLanguage":"de","potentialAction":[{"@type":"ReadAction","target":["https:\/\/campinglabaie.fr\/de\/kontakt-zugang\/"]}]},{"@type":"ImageObject","inLanguage":"de","@id":"https:\/\/campinglabaie.fr\/de\/kontakt-zugang\/#primaryimage","url":"https:\/\/campinglabaie.fr\/wp-content\/uploads\/sites\/53\/2023\/10\/contact-camping-bel-air-la-baie.webp","contentUrl":"https:\/\/campinglabaie.fr\/wp-content\/uploads\/sites\/53\/2023\/10\/contact-camping-bel-air-la-baie.webp","width":1920,"height":1440},{"@type":"BreadcrumbList","@id":"https:\/\/campinglabaie.fr\/de\/kontakt-zugang\/#breadcrumb","itemListElement":[{"@type":"ListItem","position":1,"name":"Startseite","item":"https:\/\/campinglabaie.fr\/de\/"},{"@type":"ListItem","position":2,"name":"Kontakt, Zugang"}]},{"@type":"WebSite","@id":"https:\/\/campinglabaie.fr\/de\/#website","url":"https:\/\/campinglabaie.fr\/de\/","name":"Camping Bel Air Village La Baie - Site Officiel - Meilleur Prix Garanti","description":"","publisher":{"@id":"https:\/\/campinglabaie.fr\/de\/#organization"},"potentialAction":[{"@type":"SearchAction","target":{"@type":"EntryPoint","urlTemplate":"https:\/\/campinglabaie.fr\/de\/?s={search_term_string}"},"query-input":{"@type":"PropertyValueSpecification","valueRequired":true,"valueName":"search_term_string"}}],"inLanguage":"de"},{"@type":"Organization","@id":"https:\/\/campinglabaie.fr\/de\/#organization","name":"Camping Bel Air Village La Baie - Site Officiel - Meilleur Prix Garanti","url":"https:\/\/campinglabaie.fr\/de\/","logo":{"@type":"ImageObject","inLanguage":"de","@id":"https:\/\/campinglabaie.fr\/de\/#\/schema\/logo\/image\/","url":"https:\/\/campinglabaie.fr\/wp-content\/uploads\/sites\/53\/2023\/11\/Logo_Plan-de-travail-1-11.png","contentUrl":"https:\/\/campinglabaie.fr\/wp-content\/uploads\/sites\/53\/2023\/11\/Logo_Plan-de-travail-1-11.png","width":13168,"height":6929,"caption":"Camping Bel Air Village La Baie - Site Officiel - Meilleur Prix Garanti"},"image":{"@id":"https:\/\/campinglabaie.fr\/de\/#\/schema\/logo\/image\/"}}]}},"_links":{"self":[{"href":"https:\/\/campinglabaie.fr\/de\/wp-json\/wp\/v2\/pages\/7267","targetHints":{"allow":["GET"]}}],"collection":[{"href":"https:\/\/campinglabaie.fr\/de\/wp-json\/wp\/v2\/pages"}],"about":[{"href":"https:\/\/campinglabaie.fr\/de\/wp-json\/wp\/v2\/types\/page"}],"author":[{"embeddable":true,"href":"https:\/\/campinglabaie.fr\/de\/wp-json\/wp\/v2\/users\/1"}],"replies":[{"embeddable":true,"href":"https:\/\/campinglabaie.fr\/de\/wp-json\/wp\/v2\/comments?post=7267"}],"version-history":[{"count":6,"href":"https:\/\/campinglabaie.fr\/de\/wp-json\/wp\/v2\/pages\/7267\/revisions"}],"predecessor-version":[{"id":7703,"href":"https:\/\/campinglabaie.fr\/de\/wp-json\/wp\/v2\/pages\/7267\/revisions\/7703"}],"wp:featuredmedia":[{"embeddable":true,"href":"https:\/\/campinglabaie.fr\/de\/wp-json\/wp\/v2\/media\/7062"}],"wp:attachment":[{"href":"https:\/\/campinglabaie.fr\/de\/wp-json\/wp\/v2\/media?parent=7267"}],"curies":[{"name":"wp","href":"https:\/\/api.w.org\/{rel}","templated":true}]}}